{"id":408971,"date":"2026-05-08T15:00:41","date_gmt":"2026-05-08T14:00:41","guid":{"rendered":"https:\/\/bodolina.de\/product\/daeschle-bueddel\/"},"modified":"2026-05-08T15:48:54","modified_gmt":"2026-05-08T14:48:54","slug":"daeschle-bueddel","status":"publish","type":"product","link":"https:\/\/bodolina.de\/en\/product\/daeschle-bueddel\/","title":{"rendered":"D\u00c4SCHLE-B\u00dcDDEL"},"content":{"rendered":"<h3><strong>D\u00c4SCHLE &#8211; B\u00dcDDEL<\/strong><\/h3>\n<p>A handy shoulder bag (a kind of cross-body bag) made from 3 mm wool felt.<\/p>\n<p>The bag has 2 inner compartments, each measuring 15 x 3 x 17 cm, for essentials such as a smartphone, small wallet, keys etc. (there are 2 compartments for cards). Each inner pocket has a zipper.<\/p>\n<p>The good is attached to the back of the bag with 2 carabiners, so the bag fits nicely on the body and does not slip. As it is also made from wool felt, it also has a bit of grip. <\/p>\n<p>The bag is made to order, so it will not be shipped within 24 hours as usual.<\/p>\n<p><img loading=\"lazy\" decoding=\"async\" class=\"alignnone size-full wp-image-408966\" src=\"https:\/\/bodolina.de\/wp-content\/uploads\/2026\/05\/Daeschle-SW.jpg\" alt=\"\" width=\"500\" height=\"500\" srcset=\"https:\/\/bodolina.de\/wp-content\/uploads\/2026\/05\/Daeschle-SW.jpg 500w, https:\/\/bodolina.de\/wp-content\/uploads\/2026\/05\/Daeschle-SW-480x480.jpg 480w\" sizes=\"(min-width: 0px) and (max-width: 480px) 480px, (min-width: 481px) 500px, 100vw\" \/> <img loading=\"lazy\" decoding=\"async\" class=\"alignnone size-full wp-image-408967\" src=\"https:\/\/bodolina.de\/wp-content\/uploads\/2026\/05\/Daeschle-SW_1.jpg\" alt=\"\" width=\"500\" height=\"500\" srcset=\"https:\/\/bodolina.de\/wp-content\/uploads\/2026\/05\/Daeschle-SW_1.jpg 500w, https:\/\/bodolina.de\/wp-content\/uploads\/2026\/05\/Daeschle-SW_1-480x480.jpg 480w\" sizes=\"(min-width: 0px) and (max-width: 480px) 480px, (min-width: 481px) 500px, 100vw\" \/> <img loading=\"lazy\" decoding=\"async\" class=\"alignnone size-full wp-image-408968\" src=\"https:\/\/bodolina.de\/wp-content\/uploads\/2026\/05\/Daeschle-SW_2.jpg\" alt=\"\" width=\"500\" height=\"500\" srcset=\"https:\/\/bodolina.de\/wp-content\/uploads\/2026\/05\/Daeschle-SW_2.jpg 500w, https:\/\/bodolina.de\/wp-content\/uploads\/2026\/05\/Daeschle-SW_2-480x480.jpg 480w\" sizes=\"(min-width: 0px) and (max-width: 480px) 480px, (min-width: 481px) 500px, 100vw\" \/> <img loading=\"lazy\" decoding=\"async\" class=\"alignnone size-full wp-image-408969\" src=\"https:\/\/bodolina.de\/wp-content\/uploads\/2026\/05\/Daeschle-SW_3.jpg\" alt=\"\" width=\"500\" height=\"500\" srcset=\"https:\/\/bodolina.de\/wp-content\/uploads\/2026\/05\/Daeschle-SW_3.jpg 500w, https:\/\/bodolina.de\/wp-content\/uploads\/2026\/05\/Daeschle-SW_3-480x480.jpg 480w\" sizes=\"(min-width: 0px) and (max-width: 480px) 480px, (min-width: 481px) 500px, 100vw\" \/> <img loading=\"lazy\" decoding=\"async\" class=\"alignnone size-full wp-image-408970\" src=\"https:\/\/bodolina.de\/wp-content\/uploads\/2026\/05\/Daeschle-SW_4.jpg\" alt=\"\" width=\"500\" height=\"500\" srcset=\"https:\/\/bodolina.de\/wp-content\/uploads\/2026\/05\/Daeschle-SW_4.jpg 500w, https:\/\/bodolina.de\/wp-content\/uploads\/2026\/05\/Daeschle-SW_4-480x480.jpg 480w\" sizes=\"(min-width: 0px) and (max-width: 480px) 480px, (min-width: 481px) 500px, 100vw\" \/><\/p>\n<p>OFFER IS OF COURSE WITHOUT CONTENT<\/p>\n","protected":false},"excerpt":{"rendered":"<p>D\u00c4SCHLE &#8211; B\u00dcDDEL A handy shoulder bag (a kind of cross-body bag) made from 3 mm wool felt. The bag has 2 inner compartments, each measuring 15 x 3 x 17 cm, for essentials such as a smartphone, small wallet, keys etc. (there are 2 compartments for cards). Each inner pocket has a zipper. The [&hellip;]<\/p>\n","protected":false},"featured_media":408987,"comment_status":"open","ping_status":"closed","template":"","meta":{"_et_pb_use_builder":"","_et_pb_old_content":"","_et_gb_content_width":""},"product_brand":[],"product_cat":[437,533],"product_tag":[480],"class_list":{"0":"post-408971","1":"product","2":"type-product","3":"status-publish","4":"has-post-thumbnail","6":"product_cat-bags","7":"product_cat-daeschle-bueddel","8":"product_tag-variable","10":"first","11":"instock","12":"taxable","13":"shipping-taxable","14":"purchasable","15":"product-type-variable"},"_links":{"self":[{"href":"https:\/\/bodolina.de\/en\/wp-json\/wp\/v2\/product\/408971","targetHints":{"allow":["GET"]}}],"collection":[{"href":"https:\/\/bodolina.de\/en\/wp-json\/wp\/v2\/product"}],"about":[{"href":"https:\/\/bodolina.de\/en\/wp-json\/wp\/v2\/types\/product"}],"replies":[{"embeddable":true,"href":"https:\/\/bodolina.de\/en\/wp-json\/wp\/v2\/comments?post=408971"}],"wp:featuredmedia":[{"embeddable":true,"href":"https:\/\/bodolina.de\/en\/wp-json\/wp\/v2\/media\/408987"}],"wp:attachment":[{"href":"https:\/\/bodolina.de\/en\/wp-json\/wp\/v2\/media?parent=408971"}],"wp:term":[{"taxonomy":"product_brand","embeddable":true,"href":"https:\/\/bodolina.de\/en\/wp-json\/wp\/v2\/product_brand?post=408971"},{"taxonomy":"product_cat","embeddable":true,"href":"https:\/\/bodolina.de\/en\/wp-json\/wp\/v2\/product_cat?post=408971"},{"taxonomy":"product_tag","embeddable":true,"href":"https:\/\/bodolina.de\/en\/wp-json\/wp\/v2\/product_tag?post=408971"}],"curies":[{"name":"wp","href":"https:\/\/api.w.org\/{rel}","templated":true}]}}